{"id":2080,"date":"2025-09-28T22:27:47","date_gmt":"2025-09-28T19:27:47","guid":{"rendered":"https:\/\/creoslabs.com\/en\/?page_id=2080"},"modified":"2025-09-30T00:08:24","modified_gmt":"2025-09-29T21:08:24","slug":"behavioral-analysis","status":"publish","type":"page","link":"https:\/\/creoslabs.com\/en\/behavioral-analysis\/","title":{"rendered":"Behavioral Analysis"},"content":{"rendered":"\t\t<div data-elementor-type=\"wp-page\" data-elementor-id=\"2080\" class=\"elementor elementor-2080\">\n\t\t\t\t\r\n<div class=\"elementor-element elementor-element-584343a e-flex e-con-boxed e-con e-parent\" data-id=\"584343a\" data-element_type=\"container\">\n\t\t\t\t\t<div class=\"e-con-inner\">\n\t\t<div class=\"elementor-element elementor-element-d53a77b e-con-full e-flex e-con e-child\" data-id=\"d53a77b\" data-element_type=\"container\">\n\t\t\t\t<div class=\"elementor-element elementor-element-d98372a elementor-widget elementor-widget-roborimage\" data-id=\"d98372a\" data-element_type=\"widget\" data-widget_type=\"roborimage.default\">\n\t\t\t\t<div class=\"elementor-widget-container\">\n\t\t\t\t\t<div class=\"page-img gsap-parallax\"><img decoding=\"async\" data-src=\"https:\/\/creoslabs.com\/en\/wp-content\/uploads\/sites\/3\/2025\/09\/1726659596456.png\" alt=\"1726659596456\" src=\"data:image\/svg+xml;base64,PHN2ZyB3aWR0aD0iMSIgaGVpZ2h0PSIxIiB4bWxucz0iaHR0cDovL3d3dy53My5vcmcvMjAwMC9zdmciPjwvc3ZnPg==\" class=\"lazyload\" style=\"--smush-placeholder-width: 1280px; --smush-placeholder-aspect-ratio: 1280\/720;\" \/><\/div>\t\t\t\t<\/div>\n\t\t\t\t<\/div>\n\t\t\t\t<div class=\"elementor-element elementor-element-8b89190 elementor-widget elementor-widget-heading\" data-id=\"8b89190\" data-element_type=\"widget\" data-widget_type=\"heading.default\">\n\t\t\t\t\t<h3 class=\"elementor-heading-title elementor-size-default\">Behavioral Analysis\n<\/h3>\t\t\t\t<\/div>\n\t\t\t\t<div class=\"elementor-element elementor-element-af455bf elementor-widget elementor-widget-heading\" data-id=\"af455bf\" data-element_type=\"widget\" data-widget_type=\"heading.default\">\n\t\t\t\t\t<p class=\"elementor-heading-title elementor-size-default\">Behavioral analysis utilizes data obtained from object detection and object tracking algorithms to analyze customer movements, their interactions with products, and in-store density. This allows businesses to optimize many processes, from product placement to staff planning, in a data-driven manner.\n\n<\/p>\t\t\t\t<\/div>\n\t\t\t\t<div class=\"elementor-element elementor-element-6195568 elementor-widget elementor-widget-heading\" data-id=\"6195568\" data-element_type=\"widget\" data-widget_type=\"heading.default\">\n\t\t\t\t\t<p class=\"elementor-heading-title elementor-size-default\">This technology makes it easier to understand shopping habits, increase efficiency, and ensure security. Thanks to real-time data tracking, both the customer experience and operational processes are improved.\n\n<\/p>\t\t\t\t<\/div>\n\t\t\t\t<div class=\"elementor-element elementor-element-0d761f8 elementor-widget elementor-widget-heading\" data-id=\"0d761f8\" data-element_type=\"widget\" data-widget_type=\"heading.default\">\n\t\t\t\t\t<h4 class=\"elementor-heading-title elementor-size-default\">Key Features\n<\/h4>\t\t\t\t<\/div>\n\t\t<div class=\"elementor-element elementor-element-12c0d0f e-con-full e-flex e-con e-child\" data-id=\"12c0d0f\" data-element_type=\"container\">\n\t\t\t\t<div class=\"elementor-element elementor-element-db50a98 elementor-widget elementor-widget-icon-box\" data-id=\"db50a98\" data-element_type=\"widget\" data-widget_type=\"icon-box.default\">\n\t\t\t\t\t\t\t<div class=\"elementor-icon-box-wrapper\">\n\n\t\t\t\n\t\t\t\t\t\t<div class=\"elementor-icon-box-content\">\n\n\t\t\t\t\t\t\t\t\t<h6 class=\"elementor-icon-box-title\">\n\t\t\t\t\t\t<span  >\n\t\t\t\t\t\t\tData-Driven: \t\t\t\t\t\t<\/span>\n\t\t\t\t\t<\/h6>\n\t\t\t\t\n\t\t\t\t\t\t\t\t\t<p class=\"elementor-icon-box-description\">\n\t\t\t\t\t\tCustomer movements and product interactions are analyzed to ensure the most accurate placement and inventory management.\n\t\t\t\t\t<\/p>\n\t\t\t\t\n\t\t\t<\/div>\n\t\t\t\n\t\t<\/div>\n\t\t\t\t\t\t<\/div>\n\t\t\t\t<div class=\"elementor-element elementor-element-a9ae6cc elementor-widget elementor-widget-icon-box\" data-id=\"a9ae6cc\" data-element_type=\"widget\" data-widget_type=\"icon-box.default\">\n\t\t\t\t\t\t\t<div class=\"elementor-icon-box-wrapper\">\n\n\t\t\t\n\t\t\t\t\t\t<div class=\"elementor-icon-box-content\">\n\n\t\t\t\t\t\t\t\t\t<h6 class=\"elementor-icon-box-title\">\n\t\t\t\t\t\t<span  >\n\t\t\t\t\t\t\tSelf-Improving Models: \t\t\t\t\t\t<\/span>\n\t\t\t\t\t<\/h6>\n\t\t\t\t\n\t\t\t\t\t\t\t\t\t<p class=\"elementor-icon-box-description\">\n\t\t\t\t\t\tThey process more data over time to make more accurate predictions about customer behavior.\n\t\t\t\t\t<\/p>\n\t\t\t\t\n\t\t\t<\/div>\n\t\t\t\n\t\t<\/div>\n\t\t\t\t\t\t<\/div>\n\t\t\t\t<div class=\"elementor-element elementor-element-17022ec elementor-widget elementor-widget-icon-box\" data-id=\"17022ec\" data-element_type=\"widget\" data-widget_type=\"icon-box.default\">\n\t\t\t\t\t\t\t<div class=\"elementor-icon-box-wrapper\">\n\n\t\t\t\n\t\t\t\t\t\t<div class=\"elementor-icon-box-content\">\n\n\t\t\t\t\t\t\t\t\t<h6 class=\"elementor-icon-box-title\">\n\t\t\t\t\t\t<span  >\n\t\t\t\t\t\t\tAutomation: \t\t\t\t\t\t<\/span>\n\t\t\t\t\t<\/h6>\n\t\t\t\t\n\t\t\t\t\t\t\t\t\t<p class=\"elementor-icon-box-description\">\n\t\t\t\t\t\tIt minimizes human intervention by automating density tracking and security controls.\n\t\t\t\t\t<\/p>\n\t\t\t\t\n\t\t\t<\/div>\n\t\t\t\n\t\t<\/div>\n\t\t\t\t\t\t<\/div>\n\t\t\t\t<\/div>\n\t\t<div class=\"elementor-element elementor-element-3962ed0 e-con-full e-flex e-con e-child\" data-id=\"3962ed0\" data-element_type=\"container\">\n\t\t\t\t<div class=\"elementor-element elementor-element-8927554 elementor-widget elementor-widget-image\" data-id=\"8927554\" data-element_type=\"widget\" data-widget_type=\"image.default\">\n\t\t\t\t\t\t\t\t\t\t\t\t\t\t\t<img fetchpriority=\"high\" decoding=\"async\" width=\"1016\" height=\"653\" src=\"https:\/\/creoslabs.com\/en\/wp-content\/uploads\/sites\/3\/2025\/09\/behav1.jpg\" class=\"attachment-full size-full wp-image-2089\" alt=\"\" srcset=\"https:\/\/creoslabs.com\/en\/wp-content\/uploads\/sites\/3\/2025\/09\/behav1.jpg 1016w, https:\/\/creoslabs.com\/en\/wp-content\/uploads\/sites\/3\/2025\/09\/behav1-300x193.jpg 300w, https:\/\/creoslabs.com\/en\/wp-content\/uploads\/sites\/3\/2025\/09\/behav1-768x494.jpg 768w, https:\/\/creoslabs.com\/en\/wp-content\/uploads\/sites\/3\/2025\/09\/behav1-600x386.jpg 600w\" sizes=\"(max-width: 1016px) 100vw, 1016px\" \/>\t\t\t\t\t\t\t\t\t\t\t\t\t\t\t<\/div>\n\t\t\t\t<div class=\"elementor-element elementor-element-009deb6 elementor-widget elementor-widget-image\" data-id=\"009deb6\" data-element_type=\"widget\" data-widget_type=\"image.default\">\n\t\t\t\t\t\t\t\t\t\t\t\t\t\t\t<img decoding=\"async\" width=\"1130\" height=\"486\" data-src=\"https:\/\/creoslabs.com\/en\/wp-content\/uploads\/sites\/3\/2025\/09\/entrance2.gif\" class=\"attachment-full size-full wp-image-2090 lazyload\" alt=\"\" src=\"data:image\/svg+xml;base64,PHN2ZyB3aWR0aD0iMSIgaGVpZ2h0PSIxIiB4bWxucz0iaHR0cDovL3d3dy53My5vcmcvMjAwMC9zdmciPjwvc3ZnPg==\" style=\"--smush-placeholder-width: 1130px; --smush-placeholder-aspect-ratio: 1130\/486;\" \/>\t\t\t\t\t\t\t\t\t\t\t\t\t\t\t<\/div>\n\t\t\t\t<\/div>\n\t\t\t\t<div class=\"elementor-element elementor-element-4050f19 elementor-widget elementor-widget-heading\" data-id=\"4050f19\" data-element_type=\"widget\" data-widget_type=\"heading.default\">\n\t\t\t\t\t<h4 class=\"elementor-heading-title elementor-size-default\">Benefits<\/h4>\t\t\t\t<\/div>\n\t\t\t\t<div class=\"elementor-element elementor-element-a6fc05c elementor-widget elementor-widget-roborfeatures\" data-id=\"a6fc05c\" data-element_type=\"widget\" data-widget_type=\"roborfeatures.default\">\n\t\t\t\t<div class=\"elementor-widget-container\">\n\t\t\t\t\t <div class=\"service-page-card-wrap\"><div class=\"row gy-4\"><div class=\"col-xxl-3 col-sm-6\"> <div class=\"service-page-card\"><h4 class=\"box-title\">Scalable Solutions:\t<\/h4><p class=\"box-text\">Easily adaptable from small stores to large chains.\n<\/p><\/div><\/div><div class=\"col-xxl-3 col-sm-6\"> <div class=\"service-page-card\"><h4 class=\"box-title\">Cost Reduction:\t<\/h4><p class=\"box-text\">Reduces operational costs through increased efficiency.<\/p><\/div><\/div><div class=\"col-xxl-3 col-sm-6\"> <div class=\"service-page-card\"><h4 class=\"box-title\">Efficiency and Security:\t<\/h4><p class=\"box-text\">Adjusts personnel distribution based on customer density, increasing security.\n<\/p><\/div><\/div><div class=\"col-xxl-3 col-sm-6\"> <div class=\"service-page-card\"><h4 class=\"box-title\">Better Product Placement:\t<\/h4><p class=\"box-text\">Optimizes shelf layout by identifying areas where customers show the most interest<\/p><\/div><\/div><\/div><\/div>\t\t\t\t<\/div>\n\t\t\t\t<\/div>\n\t\t\t\t<\/div>\n\t\t<div class=\"elementor-element elementor-element-378ffba e-con-full e-flex e-con e-child\" data-id=\"378ffba\" data-element_type=\"container\">\n\t\t\t\t<div class=\"elementor-element elementor-element-5dde391 elementor-widget elementor-widget-roborcontactinfo\" data-id=\"5dde391\" data-element_type=\"widget\" data-widget_type=\"roborcontactinfo.default\">\n\t\t\t\t<div class=\"elementor-widget-container\">\n\t\t\t\t\t<div class=\"widget widget-contact-wrap  \"><h3 class=\"widget_title\">Contact Information<\/h3><div class=\"info-box\"><div class=\"info-box_icon\"><i class=\"fas fa-phone\"><\/i><\/div><div class=\"box-content\"><p class=\"info-box_title\">Phone<\/p><p class=\"info-box_text desc\"><a href=\"tel:+902162220734\" class=\"info-box_link\">+90 216 222 0734<\/a><\/p><\/div><\/div><div class=\"info-box\"><div class=\"info-box_icon\"><i class=\"fas fa-envelope\"><\/i><\/div><div class=\"box-content\"><p class=\"info-box_title\">Mail<\/p><p class=\"info-box_text desc\"><a href=\"mailto:info@creoslabs.com\" class=\"info-box_link\">info@creoslabs.com<\/a><\/p><\/div><\/div><div class=\"info-box\"><div class=\"info-box_icon\"><i class=\"fas fa-map-marker-alt\"><\/i><\/div><div class=\"box-content\"><p class=\"info-box_title\">Address<\/p><p class=\"info-box_text desc\"><a href=\"https:\/\/maps.app.goo.gl\/KUkzyc4e1qYs53qRA\/\" class=\"info-box_link\">Yeni\u015fehir Mah. Osman\u0131 Blv. Aeropark A Blok No: 11A \u0130\u00e7 Kap\u0131 No : 28 Pendik \/ \u0130stanbul<\/a><\/p><\/div><\/div><\/div>\t\t\t\t<\/div>\n\t\t\t\t<\/div>\n\t\t\t\t<\/div>\n\t\t\t\t\t<\/div>\n\t\t\t\t<\/div>\n\t\t\t\t<\/div>\n\t\t","protected":false},"excerpt":{"rendered":"<p>Behavioral Analysis Behavioral analysis utilizes data obtained from object detection and object tracking algorithms to analyze customer movements, their interactions with products, and in-store density. This allows businesses to optimize many processes, from product placement to staff planning, in a data-driven manner. This technology makes it easier to understand shopping habits, increase efficiency, and ensure&#8230;<\/p>\n","protected":false},"author":1,"featured_media":0,"parent":0,"menu_order":0,"comment_status":"closed","ping_status":"closed","template":"","meta":{"footnotes":""},"class_list":["post-2080","page","type-page","status-publish","hentry"],"_links":{"self":[{"href":"https:\/\/creoslabs.com\/en\/wp-json\/wp\/v2\/pages\/2080","targetHints":{"allow":["GET"]}}],"collection":[{"href":"https:\/\/creoslabs.com\/en\/wp-json\/wp\/v2\/pages"}],"about":[{"href":"https:\/\/creoslabs.com\/en\/wp-json\/wp\/v2\/types\/page"}],"author":[{"embeddable":true,"href":"https:\/\/creoslabs.com\/en\/wp-json\/wp\/v2\/users\/1"}],"replies":[{"embeddable":true,"href":"https:\/\/creoslabs.com\/en\/wp-json\/wp\/v2\/comments?post=2080"}],"version-history":[{"count":22,"href":"https:\/\/creoslabs.com\/en\/wp-json\/wp\/v2\/pages\/2080\/revisions"}],"predecessor-version":[{"id":2401,"href":"https:\/\/creoslabs.com\/en\/wp-json\/wp\/v2\/pages\/2080\/revisions\/2401"}],"wp:attachment":[{"href":"https:\/\/creoslabs.com\/en\/wp-json\/wp\/v2\/media?parent=2080"}],"curies":[{"name":"wp","href":"https:\/\/api.w.org\/{rel}","templated":true}]}}