{"id":2160,"date":"2025-09-28T23:12:46","date_gmt":"2025-09-28T20:12:46","guid":{"rendered":"https:\/\/creoslabs.com\/en\/?page_id=2160"},"modified":"2025-09-30T00:06:52","modified_gmt":"2025-09-29T21:06:52","slug":"real-time-surveillance","status":"publish","type":"page","link":"https:\/\/creoslabs.com\/en\/real-time-surveillance\/","title":{"rendered":"Real-Time Surveillance"},"content":{"rendered":"\t\t<div data-elementor-type=\"wp-page\" data-elementor-id=\"2160\" class=\"elementor elementor-2160\">\n\t\t\t\t\r\n<div class=\"elementor-element elementor-element-0f52e1c e-flex e-con-boxed e-con e-parent\" data-id=\"0f52e1c\" data-element_type=\"container\">\n\t\t\t\t\t<div class=\"e-con-inner\">\n\t\t<div class=\"elementor-element elementor-element-52d3d67 e-con-full e-flex e-con e-child\" data-id=\"52d3d67\" data-element_type=\"container\">\n\t\t\r\n\t\t<div class=\"elementor-element elementor-element-f518215 elementor-widget elementor-widget-roborimage\" data-id=\"f518215\" data-element_type=\"widget\" data-widget_type=\"roborimage.default\">\n\t\t\t\t<div class=\"elementor-widget-container\">\n\t\t\t\t\t<div class=\"page-img gsap-parallax\"><img decoding=\"async\" data-src=\"https:\/\/creoslabs.com\/en\/wp-content\/uploads\/sites\/3\/2025\/09\/how-to-build-a-real-time-monitoring-and-controlling-dashboard-for-iot-devices.jpg\" alt=\"how to build a real time monitoring and controlling dashboard for iot devices\" src=\"data:image\/svg+xml;base64,PHN2ZyB3aWR0aD0iMSIgaGVpZ2h0PSIxIiB4bWxucz0iaHR0cDovL3d3dy53My5vcmcvMjAwMC9zdmciPjwvc3ZnPg==\" class=\"lazyload\" style=\"--smush-placeholder-width: 1600px; --smush-placeholder-aspect-ratio: 1600\/707;\" \/><\/div>\t\t\t\t<\/div>\n\t\t\t\t<\/div>\n\t\t\t\t<div class=\"elementor-element elementor-element-21b5770 elementor-widget elementor-widget-heading\" data-id=\"21b5770\" data-element_type=\"widget\" data-widget_type=\"heading.default\">\n\t\t\t\t\t<h3 class=\"elementor-heading-title elementor-size-default\">Real-Time Surveillance\n<\/h3>\t\t\t\t<\/div>\n\t\t\t\t<div class=\"elementor-element elementor-element-221939e elementor-widget elementor-widget-heading\" data-id=\"221939e\" data-element_type=\"widget\" data-widget_type=\"heading.default\">\n\t\t\t\t\t<p class=\"elementor-heading-title elementor-size-default\">Real-time surveillance systems ensure the immediate identification of security threats, face detection, and behavioral analysis using AI support. Critical functions such as motion tracking, suspicious behavior analysis, and smoke\/flame detection increase both security and operational efficiency. Furthermore, this system can generate fraud warnings (fraud alarms) by using camera feeds over the counter and utilizing CNN (Convolutional Neural Network) architectures. The system can be integrated into self-service cash registers (POS) and similar devices to provide automatic control while detecting unexpected or incorrect product check-out.\n\n<\/p>\t\t\t\t<\/div>\n\t\t\t\t<div class=\"elementor-element elementor-element-ed9931d elementor-widget elementor-widget-heading\" data-id=\"ed9931d\" data-element_type=\"widget\" data-widget_type=\"heading.default\">\n\t\t\t\t\t<h4 class=\"elementor-heading-title elementor-size-default\">Key Features<\/h4>\t\t\t\t<\/div>\n\t\t<div class=\"elementor-element elementor-element-fb81806 e-con-full e-flex e-con e-child\" data-id=\"fb81806\" data-element_type=\"container\">\n\t\t\t\t<div class=\"elementor-element elementor-element-29f5ba7 elementor-widget elementor-widget-icon-box\" data-id=\"29f5ba7\" data-element_type=\"widget\" data-widget_type=\"icon-box.default\">\n\t\t\t\t\t\t\t<div class=\"elementor-icon-box-wrapper\">\n\n\t\t\t\n\t\t\t\t\t\t<div class=\"elementor-icon-box-content\">\n\n\t\t\t\t\t\t\t\t\t<h6 class=\"elementor-icon-box-title\">\n\t\t\t\t\t\t<span  >\n\t\t\t\t\t\t\tPerson and Face Detection: \t\t\t\t\t\t<\/span>\n\t\t\t\t\t<\/h6>\n\t\t\t\t\n\t\t\t\t\t\t\t\t\t<p class=\"elementor-icon-box-description\">\n\t\t\t\t\t\tHigh-accuracy detection and recognition in live video streams.\n\t\t\t\t\t<\/p>\n\t\t\t\t\n\t\t\t<\/div>\n\t\t\t\n\t\t<\/div>\n\t\t\t\t\t\t<\/div>\n\t\t\t\t<div class=\"elementor-element elementor-element-ba4442d elementor-widget elementor-widget-icon-box\" data-id=\"ba4442d\" data-element_type=\"widget\" data-widget_type=\"icon-box.default\">\n\t\t\t\t\t\t\t<div class=\"elementor-icon-box-wrapper\">\n\n\t\t\t\n\t\t\t\t\t\t<div class=\"elementor-icon-box-content\">\n\n\t\t\t\t\t\t\t\t\t<h6 class=\"elementor-icon-box-title\">\n\t\t\t\t\t\t<span  >\n\t\t\t\t\t\t\tBehavioral Analysis: \t\t\t\t\t\t<\/span>\n\t\t\t\t\t<\/h6>\n\t\t\t\t\n\t\t\t\t\t\t\t\t\t<p class=\"elementor-icon-box-description\">\n\t\t\t\t\t\tPredicting security breaches by analyzing movement patterns.\n\t\t\t\t\t<\/p>\n\t\t\t\t\n\t\t\t<\/div>\n\t\t\t\n\t\t<\/div>\n\t\t\t\t\t\t<\/div>\n\t\t\t\t<div class=\"elementor-element elementor-element-ab4c3e7 elementor-widget elementor-widget-icon-box\" data-id=\"ab4c3e7\" data-element_type=\"widget\" data-widget_type=\"icon-box.default\">\n\t\t\t\t\t\t\t<div class=\"elementor-icon-box-wrapper\">\n\n\t\t\t\n\t\t\t\t\t\t<div class=\"elementor-icon-box-content\">\n\n\t\t\t\t\t\t\t\t\t<h6 class=\"elementor-icon-box-title\">\n\t\t\t\t\t\t<span  >\n\t\t\t\t\t\t\tFire and Smoke Detection:\t\t\t\t\t\t<\/span>\n\t\t\t\t\t<\/h6>\n\t\t\t\t\n\t\t\t\t\t\t\t\t\t<p class=\"elementor-icon-box-description\">\n\t\t\t\t\t\t Immediate detection of smoke and flame formation using special AI algorithms.\n\t\t\t\t\t<\/p>\n\t\t\t\t\n\t\t\t<\/div>\n\t\t\t\n\t\t<\/div>\n\t\t\t\t\t\t<\/div>\n\t\t\t\t<\/div>\n\t\t<div class=\"elementor-element elementor-element-701aaec e-con-full e-flex e-con e-child\" data-id=\"701aaec\" data-element_type=\"container\">\n\t\t\t\t<div class=\"elementor-element elementor-element-d3583c1 elementor-widget elementor-widget-image\" data-id=\"d3583c1\" data-element_type=\"widget\" data-widget_type=\"image.default\">\n\t\t\t\t\t\t\t\t\t\t\t\t\t\t\t<img fetchpriority=\"high\" decoding=\"async\" width=\"1280\" height=\"720\" src=\"https:\/\/creoslabs.com\/en\/wp-content\/uploads\/sites\/3\/2025\/09\/1728806664159.png\" class=\"attachment-full size-full wp-image-2165\" alt=\"\" srcset=\"https:\/\/creoslabs.com\/en\/wp-content\/uploads\/sites\/3\/2025\/09\/1728806664159.png 1280w, https:\/\/creoslabs.com\/en\/wp-content\/uploads\/sites\/3\/2025\/09\/1728806664159-300x169.png 300w, https:\/\/creoslabs.com\/en\/wp-content\/uploads\/sites\/3\/2025\/09\/1728806664159-1024x576.png 1024w, https:\/\/creoslabs.com\/en\/wp-content\/uploads\/sites\/3\/2025\/09\/1728806664159-768x432.png 768w, https:\/\/creoslabs.com\/en\/wp-content\/uploads\/sites\/3\/2025\/09\/1728806664159-600x338.png 600w\" sizes=\"(max-width: 1280px) 100vw, 1280px\" \/>\t\t\t\t\t\t\t\t\t\t\t\t\t\t\t<\/div>\n\t\t\t\t<div class=\"elementor-element elementor-element-dc81cef elementor-widget elementor-widget-image\" data-id=\"dc81cef\" data-element_type=\"widget\" data-widget_type=\"image.default\">\n\t\t\t\t\t\t\t\t\t\t\t\t\t\t\t<img decoding=\"async\" width=\"1000\" height=\"560\" data-src=\"https:\/\/creoslabs.com\/en\/wp-content\/uploads\/sites\/3\/2025\/09\/ce71ec9f76b30ad2e7486592ff34ca50.jpg\" class=\"attachment-full size-full wp-image-2166 lazyload\" alt=\"\" data-srcset=\"https:\/\/creoslabs.com\/en\/wp-content\/uploads\/sites\/3\/2025\/09\/ce71ec9f76b30ad2e7486592ff34ca50.jpg 1000w, https:\/\/creoslabs.com\/en\/wp-content\/uploads\/sites\/3\/2025\/09\/ce71ec9f76b30ad2e7486592ff34ca50-300x168.jpg 300w, https:\/\/creoslabs.com\/en\/wp-content\/uploads\/sites\/3\/2025\/09\/ce71ec9f76b30ad2e7486592ff34ca50-768x430.jpg 768w, https:\/\/creoslabs.com\/en\/wp-content\/uploads\/sites\/3\/2025\/09\/ce71ec9f76b30ad2e7486592ff34ca50-600x336.jpg 600w\" data-sizes=\"(max-width: 1000px) 100vw, 1000px\" src=\"data:image\/svg+xml;base64,PHN2ZyB3aWR0aD0iMSIgaGVpZ2h0PSIxIiB4bWxucz0iaHR0cDovL3d3dy53My5vcmcvMjAwMC9zdmciPjwvc3ZnPg==\" style=\"--smush-placeholder-width: 1000px; --smush-placeholder-aspect-ratio: 1000\/560;\" \/>\t\t\t\t\t\t\t\t\t\t\t\t\t\t\t<\/div>\n\t\t\t\t<\/div>\n\t\t\t\t<div class=\"elementor-element elementor-element-a4764d5 elementor-widget elementor-widget-heading\" data-id=\"a4764d5\" data-element_type=\"widget\" data-widget_type=\"heading.default\">\n\t\t\t\t\t<h4 class=\"elementor-heading-title elementor-size-default\">Benefits<\/h4>\t\t\t\t<\/div>\n\t\t\t\t<div class=\"elementor-element elementor-element-fe64bd0 elementor-widget elementor-widget-roborfeatures\" data-id=\"fe64bd0\" data-element_type=\"widget\" data-widget_type=\"roborfeatures.default\">\n\t\t\t\t<div class=\"elementor-widget-container\">\n\t\t\t\t\t <div class=\"service-page-card-wrap\"><div class=\"row gy-4\"><div class=\"col-xxl-3 col-sm-6\"> <div class=\"service-page-card\"><h4 class=\"box-title\">Operational Efficiency:<\/h4><p class=\"box-text\">Reduces the workload of security personnel.\n<\/p><\/div><\/div><div class=\"col-xxl-3 col-sm-6\"> <div class=\"service-page-card\"><h4 class=\"box-title\">High Accuracy:\t<\/h4><p class=\"box-text\">Minimizes false alarms thanks to AI algorithms.<\/p><\/div><\/div><div class=\"col-xxl-3 col-sm-6\"> <div class=\"service-page-card\"><h4 class=\"box-title\">Scalable Solutions:\t<\/h4><p class=\"box-text\">Easily adaptable to different environments and sectors.\n<\/p><\/div><\/div><div class=\"col-xxl-3 col-sm-6\"> <div class=\"service-page-card\"><h4 class=\"box-title\">Advanced Security:<\/h4><p class=\"box-text\">\tProvides the capability to instantly detect threats and intervene quickly.\n<\/p><\/div><\/div><\/div><\/div>\t\t\t\t<\/div>\n\t\t\t\t<\/div>\n\t\t\t\t<\/div>\n\t\t<div class=\"elementor-element elementor-element-e74beb7 e-con-full e-flex e-con e-child\" data-id=\"e74beb7\" data-element_type=\"container\">\n\t\t\t\t<div class=\"elementor-element elementor-element-15eaa2f elementor-widget elementor-widget-roborcontactinfo\" data-id=\"15eaa2f\" data-element_type=\"widget\" data-widget_type=\"roborcontactinfo.default\">\n\t\t\t\t<div class=\"elementor-widget-container\">\n\t\t\t\t\t<div class=\"widget widget-contact-wrap  \"><h3 class=\"widget_title\">Contact Information<\/h3><div class=\"info-box\"><div class=\"info-box_icon\"><i class=\"fas fa-phone\"><\/i><\/div><div class=\"box-content\"><p class=\"info-box_title\">Phone<\/p><p class=\"info-box_text desc\"><a href=\"tel:+902162220734\" class=\"info-box_link\">+90 216 222 0734<\/a><\/p><\/div><\/div><div class=\"info-box\"><div class=\"info-box_icon\"><i class=\"fas fa-envelope\"><\/i><\/div><div class=\"box-content\"><p class=\"info-box_title\">Mail<\/p><p class=\"info-box_text desc\"><a href=\"mailto:info@creoslabs.com\" class=\"info-box_link\">info@creoslabs.com<\/a><\/p><\/div><\/div><div class=\"info-box\"><div class=\"info-box_icon\"><i class=\"fas fa-map-marker-alt\"><\/i><\/div><div class=\"box-content\"><p class=\"info-box_title\">Address<\/p><p class=\"info-box_text desc\"><a href=\"https:\/\/maps.app.goo.gl\/KUkzyc4e1qYs53qRA\/\" class=\"info-box_link\">Yeni\u015fehir Mah. Osman\u0131 Blv. Aeropark A Blok No: 11A \u0130\u00e7 Kap\u0131 No : 28 Pendik \/ \u0130stanbul<\/a><\/p><\/div><\/div><\/div>\t\t\t\t<\/div>\n\t\t\t\t<\/div>\n\t\t\t\t<\/div>\n\t\t\t\t\t<\/div>\n\t\t\t\t<\/div>\n\t\t\t\t<\/div>\n\t\t","protected":false},"excerpt":{"rendered":"<p>Real-Time Surveillance Real-time surveillance systems ensure the immediate identification of security threats, face detection, and behavioral analysis using AI support. Critical functions such as motion tracking, suspicious behavior analysis, and smoke\/flame detection increase both security and operational efficiency. Furthermore, this system can generate fraud warnings (fraud alarms) by using camera feeds over the counter and&#8230;<\/p>\n","protected":false},"author":1,"featured_media":0,"parent":0,"menu_order":0,"comment_status":"closed","ping_status":"closed","template":"","meta":{"footnotes":""},"class_list":["post-2160","page","type-page","status-publish","hentry"],"_links":{"self":[{"href":"https:\/\/creoslabs.com\/en\/wp-json\/wp\/v2\/pages\/2160","targetHints":{"allow":["GET"]}}],"collection":[{"href":"https:\/\/creoslabs.com\/en\/wp-json\/wp\/v2\/pages"}],"about":[{"href":"https:\/\/creoslabs.com\/en\/wp-json\/wp\/v2\/types\/page"}],"author":[{"embeddable":true,"href":"https:\/\/creoslabs.com\/en\/wp-json\/wp\/v2\/users\/1"}],"replies":[{"embeddable":true,"href":"https:\/\/creoslabs.com\/en\/wp-json\/wp\/v2\/comments?post=2160"}],"version-history":[{"count":13,"href":"https:\/\/creoslabs.com\/en\/wp-json\/wp\/v2\/pages\/2160\/revisions"}],"predecessor-version":[{"id":2392,"href":"https:\/\/creoslabs.com\/en\/wp-json\/wp\/v2\/pages\/2160\/revisions\/2392"}],"wp:attachment":[{"href":"https:\/\/creoslabs.com\/en\/wp-json\/wp\/v2\/media?parent=2160"}],"curies":[{"name":"wp","href":"https:\/\/api.w.org\/{rel}","templated":true}]}}