{"id":2192,"date":"2025-09-28T23:27:56","date_gmt":"2025-09-28T20:27:56","guid":{"rendered":"https:\/\/creoslabs.com\/en\/?page_id=2192"},"modified":"2025-09-30T00:08:42","modified_gmt":"2025-09-29T21:08:42","slug":"crowd-control-and-heatmap","status":"publish","type":"page","link":"https:\/\/creoslabs.com\/en\/crowd-control-and-heatmap\/","title":{"rendered":"Crowd Management and In-Store Mapping"},"content":{"rendered":"\t\t<div data-elementor-type=\"wp-page\" data-elementor-id=\"2192\" class=\"elementor elementor-2192\">\n\t\t\t\t\r\n<div class=\"elementor-element elementor-element-e04ba73 e-flex e-con-boxed e-con e-parent\" data-id=\"e04ba73\" data-element_type=\"container\">\n\t\t\t\t\t<div class=\"e-con-inner\">\n\t\t<div class=\"elementor-element elementor-element-188fb8b e-con-full e-flex e-con e-child\" data-id=\"188fb8b\" data-element_type=\"container\">\n\t\t\r\n\t\t<div class=\"elementor-element elementor-element-881f26e elementor-widget elementor-widget-roborimage\" data-id=\"881f26e\" data-element_type=\"widget\" data-widget_type=\"roborimage.default\">\n\t\t\t\t<div class=\"elementor-widget-container\">\n\t\t\t\t\t<div class=\"page-img gsap-parallax\"><img decoding=\"async\" data-src=\"https:\/\/creoslabs.com\/en\/wp-content\/uploads\/sites\/3\/2025\/09\/maxresdefault.jpg\" alt=\"maxresdefault\" src=\"data:image\/svg+xml;base64,PHN2ZyB3aWR0aD0iMSIgaGVpZ2h0PSIxIiB4bWxucz0iaHR0cDovL3d3dy53My5vcmcvMjAwMC9zdmciPjwvc3ZnPg==\" class=\"lazyload\" style=\"--smush-placeholder-width: 1280px; --smush-placeholder-aspect-ratio: 1280\/720;\" \/><\/div>\t\t\t\t<\/div>\n\t\t\t\t<\/div>\n\t\t\t\t<div class=\"elementor-element elementor-element-1daa691 elementor-widget elementor-widget-heading\" data-id=\"1daa691\" data-element_type=\"widget\" data-widget_type=\"heading.default\">\n\t\t\t\t\t<h3 class=\"elementor-heading-title elementor-size-default\">Crowd Management and In-Store Mapping\n<\/h3>\t\t\t\t<\/div>\n\t\t\t\t<div class=\"elementor-element elementor-element-4470bba elementor-widget elementor-widget-heading\" data-id=\"4470bba\" data-element_type=\"widget\" data-widget_type=\"heading.default\">\n\t\t\t\t\t<p class=\"elementor-heading-title elementor-size-default\">Crowd Management and In-Store Mapping utilizes object detection and object tracking algorithms to analyze in-store customer density and movements. Heatmaps enable the identification of the most visited areas, thereby optimizing store layout and customer flow. This technology enhances security by detecting unauthorized entries, improves staff planning during peak hours, and enhances the customer experience.\n<\/p>\t\t\t\t<\/div>\n\t\t\t\t<div class=\"elementor-element elementor-element-a2dcf9f elementor-widget elementor-widget-heading\" data-id=\"a2dcf9f\" data-element_type=\"widget\" data-widget_type=\"heading.default\">\n\t\t\t\t\t<h4 class=\"elementor-heading-title elementor-size-default\">Key Features<\/h4>\t\t\t\t<\/div>\n\t\t<div class=\"elementor-element elementor-element-125b5de e-con-full e-flex e-con e-child\" data-id=\"125b5de\" data-element_type=\"container\">\n\t\t\t\t<div class=\"elementor-element elementor-element-ebb22ab elementor-widget elementor-widget-icon-box\" data-id=\"ebb22ab\" data-element_type=\"widget\" data-widget_type=\"icon-box.default\">\n\t\t\t\t\t\t\t<div class=\"elementor-icon-box-wrapper\">\n\n\t\t\t\n\t\t\t\t\t\t<div class=\"elementor-icon-box-content\">\n\n\t\t\t\t\t\t\t\t\t<h6 class=\"elementor-icon-box-title\">\n\t\t\t\t\t\t<span  >\n\t\t\t\t\t\t\tData-Driven: \t\t\t\t\t\t<\/span>\n\t\t\t\t\t<\/h6>\n\t\t\t\t\n\t\t\t\t\t\t\t\t\t<p class=\"elementor-icon-box-description\">\n\t\t\t\t\t\tIn-store movement data is analyzed to create more accurate density maps and traffic patterns.\n\t\t\t\t\t<\/p>\n\t\t\t\t\n\t\t\t<\/div>\n\t\t\t\n\t\t<\/div>\n\t\t\t\t\t\t<\/div>\n\t\t\t\t<div class=\"elementor-element elementor-element-b1ec909 elementor-widget elementor-widget-icon-box\" data-id=\"b1ec909\" data-element_type=\"widget\" data-widget_type=\"icon-box.default\">\n\t\t\t\t\t\t\t<div class=\"elementor-icon-box-wrapper\">\n\n\t\t\t\n\t\t\t\t\t\t<div class=\"elementor-icon-box-content\">\n\n\t\t\t\t\t\t\t\t\t<h6 class=\"elementor-icon-box-title\">\n\t\t\t\t\t\t<span  >\n\t\t\t\t\t\t\tSelf-Improving Models: \t\t\t\t\t\t<\/span>\n\t\t\t\t\t<\/h6>\n\t\t\t\t\n\t\t\t\t\t\t\t\t\t<p class=\"elementor-icon-box-description\">\n\t\t\t\t\t\tProvides more accurate density predictions and flow optimization thanks to increasing data over time.\n\t\t\t\t\t<\/p>\n\t\t\t\t\n\t\t\t<\/div>\n\t\t\t\n\t\t<\/div>\n\t\t\t\t\t\t<\/div>\n\t\t\t\t<div class=\"elementor-element elementor-element-9c70c18 elementor-widget elementor-widget-icon-box\" data-id=\"9c70c18\" data-element_type=\"widget\" data-widget_type=\"icon-box.default\">\n\t\t\t\t\t\t\t<div class=\"elementor-icon-box-wrapper\">\n\n\t\t\t\n\t\t\t\t\t\t<div class=\"elementor-icon-box-content\">\n\n\t\t\t\t\t\t\t\t\t<h6 class=\"elementor-icon-box-title\">\n\t\t\t\t\t\t<span  >\n\t\t\t\t\t\t\tAutomation: \t\t\t\t\t\t<\/span>\n\t\t\t\t\t<\/h6>\n\t\t\t\t\n\t\t\t\t\t\t\t\t\t<p class=\"elementor-icon-box-description\">\n\t\t\t\t\t\tAutomates density alerts, unauthorized entry detection, and area-based monitoring processes.\n\n\n\t\t\t\t\t<\/p>\n\t\t\t\t\n\t\t\t<\/div>\n\t\t\t\n\t\t<\/div>\n\t\t\t\t\t\t<\/div>\n\t\t\t\t<\/div>\n\t\t<div class=\"elementor-element elementor-element-b6926f3 e-con-full e-flex e-con e-child\" data-id=\"b6926f3\" data-element_type=\"container\">\n\t\t\t\t<div class=\"elementor-element elementor-element-c8d171c elementor-widget__width-initial elementor-widget elementor-widget-image\" data-id=\"c8d171c\" data-element_type=\"widget\" data-widget_type=\"image.default\">\n\t\t\t\t\t\t\t\t\t\t\t\t\t\t\t<img fetchpriority=\"high\" decoding=\"async\" width=\"1024\" height=\"730\" src=\"https:\/\/creoslabs.com\/en\/wp-content\/uploads\/sites\/3\/2025\/09\/heat-map-after.jpg\" class=\"attachment-full size-full wp-image-2199\" alt=\"\" srcset=\"https:\/\/creoslabs.com\/en\/wp-content\/uploads\/sites\/3\/2025\/09\/heat-map-after.jpg 1024w, https:\/\/creoslabs.com\/en\/wp-content\/uploads\/sites\/3\/2025\/09\/heat-map-after-300x214.jpg 300w, https:\/\/creoslabs.com\/en\/wp-content\/uploads\/sites\/3\/2025\/09\/heat-map-after-768x548.jpg 768w, https:\/\/creoslabs.com\/en\/wp-content\/uploads\/sites\/3\/2025\/09\/heat-map-after-600x428.jpg 600w\" sizes=\"(max-width: 1024px) 100vw, 1024px\" \/>\t\t\t\t\t\t\t\t\t\t\t\t\t\t\t<\/div>\n\t\t\t\t<div class=\"elementor-element elementor-element-d9d2d54 elementor-widget elementor-widget-image\" data-id=\"d9d2d54\" data-element_type=\"widget\" data-widget_type=\"image.default\">\n\t\t\t\t\t\t\t\t\t\t\t\t\t\t\t<img decoding=\"async\" width=\"673\" height=\"507\" data-src=\"https:\/\/creoslabs.com\/en\/wp-content\/uploads\/sites\/3\/2025\/09\/heat1.jpg\" class=\"attachment-full size-full wp-image-2200 lazyload\" alt=\"\" data-srcset=\"https:\/\/creoslabs.com\/en\/wp-content\/uploads\/sites\/3\/2025\/09\/heat1.jpg 673w, https:\/\/creoslabs.com\/en\/wp-content\/uploads\/sites\/3\/2025\/09\/heat1-300x226.jpg 300w, https:\/\/creoslabs.com\/en\/wp-content\/uploads\/sites\/3\/2025\/09\/heat1-600x452.jpg 600w\" data-sizes=\"(max-width: 673px) 100vw, 673px\" src=\"data:image\/svg+xml;base64,PHN2ZyB3aWR0aD0iMSIgaGVpZ2h0PSIxIiB4bWxucz0iaHR0cDovL3d3dy53My5vcmcvMjAwMC9zdmciPjwvc3ZnPg==\" style=\"--smush-placeholder-width: 673px; --smush-placeholder-aspect-ratio: 673\/507;\" \/>\t\t\t\t\t\t\t\t\t\t\t\t\t\t\t<\/div>\n\t\t\t\t<\/div>\n\t\t\t\t<div class=\"elementor-element elementor-element-8149472 elementor-widget elementor-widget-heading\" data-id=\"8149472\" data-element_type=\"widget\" data-widget_type=\"heading.default\">\n\t\t\t\t\t<h4 class=\"elementor-heading-title elementor-size-default\">Benefits<\/h4>\t\t\t\t<\/div>\n\t\t\t\t<div class=\"elementor-element elementor-element-b5a549d elementor-widget elementor-widget-roborfeatures\" data-id=\"b5a549d\" data-element_type=\"widget\" data-widget_type=\"roborfeatures.default\">\n\t\t\t\t<div class=\"elementor-widget-container\">\n\t\t\t\t\t <div class=\"service-page-card-wrap\"><div class=\"row gy-4\"><div class=\"col-xxl-3 col-sm-6\"> <div class=\"service-page-card\"><h4 class=\"box-title\">Scalable Solutions:<\/h4><p class=\"box-text\">\tApplicable to stores and facilities of different sizes.\n<\/p><\/div><\/div><div class=\"col-xxl-3 col-sm-6\"> <div class=\"service-page-card\"><h4 class=\"box-title\">High Security:\t<\/h4><p class=\"box-text\">Unauthorized entries are instantly detected and prevented.\n<\/p><\/div><\/div><div class=\"col-xxl-3 col-sm-6\"> <div class=\"service-page-card\"><h4 class=\"box-title\">Efficiency and Automation:<\/h4><p class=\"box-text\">\tPersonnel planning is done according to customer density.\n<\/p><\/div><\/div><div class=\"col-xxl-3 col-sm-6\"> <div class=\"service-page-card\"><h4 class=\"box-title\">Cost Reduction:\t<\/h4><p class=\"box-text\">Unnecessary expenses are prevented through optimal use of personnel and space.\n<\/p><\/div><\/div><\/div><\/div>\t\t\t\t<\/div>\n\t\t\t\t<\/div>\n\t\t\t\t<\/div>\n\t\t<div class=\"elementor-element elementor-element-aaf3c93 e-con-full e-flex e-con e-child\" data-id=\"aaf3c93\" data-element_type=\"container\">\n\t\t\t\t<div class=\"elementor-element elementor-element-4063440 elementor-widget elementor-widget-roborcontactinfo\" data-id=\"4063440\" data-element_type=\"widget\" data-widget_type=\"roborcontactinfo.default\">\n\t\t\t\t<div class=\"elementor-widget-container\">\n\t\t\t\t\t<div class=\"widget widget-contact-wrap  \"><h3 class=\"widget_title\">Contact Information<\/h3><div class=\"info-box\"><div class=\"info-box_icon\"><i class=\"fas fa-phone\"><\/i><\/div><div class=\"box-content\"><p class=\"info-box_title\">Phone<\/p><p class=\"info-box_text desc\"><a href=\"tel:+902162220734\" class=\"info-box_link\">+90 216 222 0734<\/a><\/p><\/div><\/div><div class=\"info-box\"><div class=\"info-box_icon\"><i class=\"fas fa-envelope\"><\/i><\/div><div class=\"box-content\"><p class=\"info-box_title\">Mail<\/p><p class=\"info-box_text desc\"><a href=\"mailto:info@creoslabs.com\" class=\"info-box_link\">info@creoslabs.com<\/a><\/p><\/div><\/div><div class=\"info-box\"><div class=\"info-box_icon\"><i class=\"fas fa-map-marker-alt\"><\/i><\/div><div class=\"box-content\"><p class=\"info-box_title\">Address<\/p><p class=\"info-box_text desc\"><a href=\"https:\/\/maps.app.goo.gl\/KUkzyc4e1qYs53qRA\/\" class=\"info-box_link\">Yeni\u015fehir Mah. Osman\u0131 Blv. Aeropark A Blok No: 11A \u0130\u00e7 Kap\u0131 No : 28 Pendik \/ \u0130stanbul<\/a><\/p><\/div><\/div><\/div>\t\t\t\t<\/div>\n\t\t\t\t<\/div>\n\t\t\t\t<\/div>\n\t\t\t\t\t<\/div>\n\t\t\t\t<\/div>\n\t\t\t\t<\/div>\n\t\t","protected":false},"excerpt":{"rendered":"<p>Crowd Management and In-Store Mapping Crowd Management and In-Store Mapping utilizes object detection and object tracking algorithms to analyze in-store customer density and movements. Heatmaps enable the identification of the most visited areas, thereby optimizing store layout and customer flow. This technology enhances security by detecting unauthorized entries, improves staff planning during peak hours, and&#8230;<\/p>\n","protected":false},"author":1,"featured_media":0,"parent":0,"menu_order":0,"comment_status":"closed","ping_status":"closed","template":"","meta":{"footnotes":""},"class_list":["post-2192","page","type-page","status-publish","hentry"],"_links":{"self":[{"href":"https:\/\/creoslabs.com\/en\/wp-json\/wp\/v2\/pages\/2192","targetHints":{"allow":["GET"]}}],"collection":[{"href":"https:\/\/creoslabs.com\/en\/wp-json\/wp\/v2\/pages"}],"about":[{"href":"https:\/\/creoslabs.com\/en\/wp-json\/wp\/v2\/types\/page"}],"author":[{"embeddable":true,"href":"https:\/\/creoslabs.com\/en\/wp-json\/wp\/v2\/users\/1"}],"replies":[{"embeddable":true,"href":"https:\/\/creoslabs.com\/en\/wp-json\/wp\/v2\/comments?post=2192"}],"version-history":[{"count":14,"href":"https:\/\/creoslabs.com\/en\/wp-json\/wp\/v2\/pages\/2192\/revisions"}],"predecessor-version":[{"id":2404,"href":"https:\/\/creoslabs.com\/en\/wp-json\/wp\/v2\/pages\/2192\/revisions\/2404"}],"wp:attachment":[{"href":"https:\/\/creoslabs.com\/en\/wp-json\/wp\/v2\/media?parent=2192"}],"curies":[{"name":"wp","href":"https:\/\/api.w.org\/{rel}","templated":true}]}}