{"id":2207,"date":"2025-09-28T23:32:52","date_gmt":"2025-09-28T20:32:52","guid":{"rendered":"https:\/\/creoslabs.com\/en\/?page_id=2207"},"modified":"2025-09-30T00:08:54","modified_gmt":"2025-09-29T21:08:54","slug":"object-tracking-pipeline","status":"publish","type":"page","link":"https:\/\/creoslabs.com\/en\/object-tracking-pipeline\/","title":{"rendered":"Object\u00a0Tracking\u00a0Pipeline"},"content":{"rendered":"\t\t<div data-elementor-type=\"wp-page\" data-elementor-id=\"2207\" class=\"elementor elementor-2207\">\n\t\t\t\t\r\n<div class=\"elementor-element elementor-element-643bfb8 e-flex e-con-boxed e-con e-parent\" data-id=\"643bfb8\" data-element_type=\"container\">\n\t\t\t\t\t<div class=\"e-con-inner\">\n\t\t<div class=\"elementor-element elementor-element-f6df166 e-con-full e-flex e-con e-child\" data-id=\"f6df166\" data-element_type=\"container\">\n\t\t\r\n\t\t<div class=\"elementor-element elementor-element-db85c89 elementor-widget elementor-widget-roborimage\" data-id=\"db85c89\" data-element_type=\"widget\" data-widget_type=\"roborimage.default\">\n\t\t\t\t<div class=\"elementor-widget-container\">\n\t\t\t\t\t<div class=\"page-img gsap-parallax\"><img decoding=\"async\" data-src=\"https:\/\/creoslabs.com\/en\/wp-content\/uploads\/sites\/3\/2025\/09\/detect1.jpg\" alt=\"detect1\" src=\"data:image\/svg+xml;base64,PHN2ZyB3aWR0aD0iMSIgaGVpZ2h0PSIxIiB4bWxucz0iaHR0cDovL3d3dy53My5vcmcvMjAwMC9zdmciPjwvc3ZnPg==\" class=\"lazyload\" style=\"--smush-placeholder-width: 786px; --smush-placeholder-aspect-ratio: 786\/581;\" \/><\/div>\t\t\t\t<\/div>\n\t\t\t\t<\/div>\n\t\t\t\t<div class=\"elementor-element elementor-element-ed53d38 elementor-widget elementor-widget-heading\" data-id=\"ed53d38\" data-element_type=\"widget\" data-widget_type=\"heading.default\">\n\t\t\t\t\t<h3 class=\"elementor-heading-title elementor-size-default\">Object Tracking Pipeline\n<\/h3>\t\t\t\t<\/div>\n\t\t\t\t<div class=\"elementor-element elementor-element-9123dd4 elementor-widget elementor-widget-heading\" data-id=\"9123dd4\" data-element_type=\"widget\" data-widget_type=\"heading.default\">\n\t\t\t\t\t<p class=\"elementor-heading-title elementor-size-default\">The Object Tracking Pipeline enables the real-time tracking of moving objects using artificial intelligence and deep learning-based algorithms. This system can adapt different tracking algorithms to various scenarios.\n\n<\/p>\t\t\t\t<\/div>\n\t\t\t\t<div class=\"elementor-element elementor-element-c63b797 elementor-widget elementor-widget-heading\" data-id=\"c63b797\" data-element_type=\"widget\" data-widget_type=\"heading.default\">\n\t\t\t\t\t<p class=\"elementor-heading-title elementor-size-default\">The object detection pipeline allows for the creation of high-quality training data for AI models using 3D assets and synthetic data. Omniverse Replicator offers customizable sensors, batch rendering, and domain randomization features for use in different sectors (retail, manufacturing, autonomous vehicles, smart cities, factories). This enhances the model's ability to generalize across various scenarios.\n\n<\/p>\t\t\t\t<\/div>\n\t\t\t\t<div class=\"elementor-element elementor-element-80a555a elementor-widget elementor-widget-heading\" data-id=\"80a555a\" data-element_type=\"widget\" data-widget_type=\"heading.default\">\n\t\t\t\t\t<p class=\"elementor-heading-title elementor-size-default\">The Omniverse Platform supports the process with connect, simulation, RTX rendering, and data management capabilities. All these operations can be carried out in the cloud, data centers, or on workstations. This pipeline offers an integrated workflow encompassing visualization, annotation, randomization, and output generation stages.\n\n<\/p>\t\t\t\t<\/div>\n\t\t<div class=\"elementor-element elementor-element-99055bb e-con-full e-flex e-con e-child\" data-id=\"99055bb\" data-element_type=\"container\">\n\t\t\t\t<div class=\"elementor-element elementor-element-01ef9e3 elementor-widget__width-initial elementor-widget elementor-widget-image\" data-id=\"01ef9e3\" data-element_type=\"widget\" data-widget_type=\"image.default\">\n\t\t\t\t\t\t\t\t\t\t\t\t\t\t\t<img fetchpriority=\"high\" decoding=\"async\" width=\"1600\" height=\"1254\" src=\"https:\/\/creoslabs.com\/en\/wp-content\/uploads\/sites\/3\/2025\/09\/6355c00cd7135d206b033692_Object-Detection-and-Person-Detection-in-Computer-Vision.png\" class=\"attachment-full size-full wp-image-2213\" alt=\"\" srcset=\"https:\/\/creoslabs.com\/en\/wp-content\/uploads\/sites\/3\/2025\/09\/6355c00cd7135d206b033692_Object-Detection-and-Person-Detection-in-Computer-Vision.png 1600w, https:\/\/creoslabs.com\/en\/wp-content\/uploads\/sites\/3\/2025\/09\/6355c00cd7135d206b033692_Object-Detection-and-Person-Detection-in-Computer-Vision-300x235.png 300w, https:\/\/creoslabs.com\/en\/wp-content\/uploads\/sites\/3\/2025\/09\/6355c00cd7135d206b033692_Object-Detection-and-Person-Detection-in-Computer-Vision-1024x803.png 1024w, https:\/\/creoslabs.com\/en\/wp-content\/uploads\/sites\/3\/2025\/09\/6355c00cd7135d206b033692_Object-Detection-and-Person-Detection-in-Computer-Vision-768x602.png 768w, https:\/\/creoslabs.com\/en\/wp-content\/uploads\/sites\/3\/2025\/09\/6355c00cd7135d206b033692_Object-Detection-and-Person-Detection-in-Computer-Vision-1536x1204.png 1536w, https:\/\/creoslabs.com\/en\/wp-content\/uploads\/sites\/3\/2025\/09\/6355c00cd7135d206b033692_Object-Detection-and-Person-Detection-in-Computer-Vision-600x470.png 600w\" sizes=\"(max-width: 1600px) 100vw, 1600px\" \/>\t\t\t\t\t\t\t\t\t\t\t\t\t\t\t<\/div>\n\t\t\t\t<div class=\"elementor-element elementor-element-bacacc4 elementor-widget elementor-widget-image\" data-id=\"bacacc4\" data-element_type=\"widget\" data-widget_type=\"image.default\">\n\t\t\t\t\t\t\t\t\t\t\t\t\t\t\t<img decoding=\"async\" width=\"1140\" height=\"570\" data-src=\"https:\/\/creoslabs.com\/en\/wp-content\/uploads\/sites\/3\/2025\/09\/What_is_Object_Tracking_and_Re-Identification-2.png\" class=\"attachment-full size-full wp-image-2214 lazyload\" alt=\"\" data-srcset=\"https:\/\/creoslabs.com\/en\/wp-content\/uploads\/sites\/3\/2025\/09\/What_is_Object_Tracking_and_Re-Identification-2.png 1140w, https:\/\/creoslabs.com\/en\/wp-content\/uploads\/sites\/3\/2025\/09\/What_is_Object_Tracking_and_Re-Identification-2-300x150.png 300w, https:\/\/creoslabs.com\/en\/wp-content\/uploads\/sites\/3\/2025\/09\/What_is_Object_Tracking_and_Re-Identification-2-1024x512.png 1024w, https:\/\/creoslabs.com\/en\/wp-content\/uploads\/sites\/3\/2025\/09\/What_is_Object_Tracking_and_Re-Identification-2-768x384.png 768w, https:\/\/creoslabs.com\/en\/wp-content\/uploads\/sites\/3\/2025\/09\/What_is_Object_Tracking_and_Re-Identification-2-600x300.png 600w\" data-sizes=\"(max-width: 1140px) 100vw, 1140px\" src=\"data:image\/svg+xml;base64,PHN2ZyB3aWR0aD0iMSIgaGVpZ2h0PSIxIiB4bWxucz0iaHR0cDovL3d3dy53My5vcmcvMjAwMC9zdmciPjwvc3ZnPg==\" style=\"--smush-placeholder-width: 1140px; --smush-placeholder-aspect-ratio: 1140\/570;\" \/>\t\t\t\t\t\t\t\t\t\t\t\t\t\t\t<\/div>\n\t\t\t\t<\/div>\n\t\t\t\t<div class=\"elementor-element elementor-element-326afd1 elementor-widget elementor-widget-heading\" data-id=\"326afd1\" data-element_type=\"widget\" data-widget_type=\"heading.default\">\n\t\t\t\t\t<h4 class=\"elementor-heading-title elementor-size-default\">Key Features\n<\/h4>\t\t\t\t<\/div>\n\t\t<div class=\"elementor-element elementor-element-210d1f5 e-con-full e-flex e-con e-child\" data-id=\"210d1f5\" data-element_type=\"container\">\n\t\t\t\t<div class=\"elementor-element elementor-element-14b2ae0 elementor-widget elementor-widget-icon-box\" data-id=\"14b2ae0\" data-element_type=\"widget\" data-widget_type=\"icon-box.default\">\n\t\t\t\t\t\t\t<div class=\"elementor-icon-box-wrapper\">\n\n\t\t\t\n\t\t\t\t\t\t<div class=\"elementor-icon-box-content\">\n\n\t\t\t\t\t\t\t\t\t<h6 class=\"elementor-icon-box-title\">\n\t\t\t\t\t\t<span  >\n\t\t\t\t\t\t\tData-Driven: \t\t\t\t\t\t<\/span>\n\t\t\t\t\t<\/h6>\n\t\t\t\t\n\t\t\t\t\t\t\t\t\t<p class=\"elementor-icon-box-description\">\n\t\t\t\t\t\tMore powerful AI models are created by using real and synthetic data together.\n\t\t\t\t\t<\/p>\n\t\t\t\t\n\t\t\t<\/div>\n\t\t\t\n\t\t<\/div>\n\t\t\t\t\t\t<\/div>\n\t\t\t\t<div class=\"elementor-element elementor-element-0119306 elementor-widget elementor-widget-icon-box\" data-id=\"0119306\" data-element_type=\"widget\" data-widget_type=\"icon-box.default\">\n\t\t\t\t\t\t\t<div class=\"elementor-icon-box-wrapper\">\n\n\t\t\t\n\t\t\t\t\t\t<div class=\"elementor-icon-box-content\">\n\n\t\t\t\t\t\t\t\t\t<h6 class=\"elementor-icon-box-title\">\n\t\t\t\t\t\t<span  >\n\t\t\t\t\t\t\tSelf-Improving Models: \t\t\t\t\t\t<\/span>\n\t\t\t\t\t<\/h6>\n\t\t\t\t\n\t\t\t\t\t\t\t\t\t<p class=\"elementor-icon-box-description\">\n\t\t\t\t\t\tModel performance continuously improves through the simulation of different scenarios.\n\t\t\t\t\t<\/p>\n\t\t\t\t\n\t\t\t<\/div>\n\t\t\t\n\t\t<\/div>\n\t\t\t\t\t\t<\/div>\n\t\t\t\t<div class=\"elementor-element elementor-element-2ab1007 elementor-widget elementor-widget-icon-box\" data-id=\"2ab1007\" data-element_type=\"widget\" data-widget_type=\"icon-box.default\">\n\t\t\t\t\t\t\t<div class=\"elementor-icon-box-wrapper\">\n\n\t\t\t\n\t\t\t\t\t\t<div class=\"elementor-icon-box-content\">\n\n\t\t\t\t\t\t\t\t\t<h6 class=\"elementor-icon-box-title\">\n\t\t\t\t\t\t<span  >\n\t\t\t\t\t\t\tAutomation: \t\t\t\t\t\t<\/span>\n\t\t\t\t\t<\/h6>\n\t\t\t\t\n\t\t\t\t\t\t\t\t\t<p class=\"elementor-icon-box-description\">\n\t\t\t\t\t\tLabeling, data generation, and processing procedures are fully automated.\n\n\n\t\t\t\t\t<\/p>\n\t\t\t\t\n\t\t\t<\/div>\n\t\t\t\n\t\t<\/div>\n\t\t\t\t\t\t<\/div>\n\t\t\t\t<\/div>\n\t\t\t\t<div class=\"elementor-element elementor-element-6172389 elementor-widget elementor-widget-heading\" data-id=\"6172389\" data-element_type=\"widget\" data-widget_type=\"heading.default\">\n\t\t\t\t\t<h4 class=\"elementor-heading-title elementor-size-default\">Benefits<\/h4>\t\t\t\t<\/div>\n\t\t\t\t<div class=\"elementor-element elementor-element-c945570 elementor-widget elementor-widget-roborfeatures\" data-id=\"c945570\" data-element_type=\"widget\" data-widget_type=\"roborfeatures.default\">\n\t\t\t\t<div class=\"elementor-widget-container\">\n\t\t\t\t\t <div class=\"service-page-card-wrap\"><div class=\"row gy-4\"><div class=\"col-xxl-3 col-sm-6\"> <div class=\"service-page-card\"><h4 class=\"box-title\">Flexibility:<\/h4><p class=\"box-text\">\tAdaptable to different needs with various tracking algorithms.\n<\/p><\/div><\/div><div class=\"col-xxl-3 col-sm-6\"> <div class=\"service-page-card\"><h4 class=\"box-title\">High Accuracy:\t<\/h4><p class=\"box-text\">Provides stable tracking even in fast and dense environments.\n<\/p><\/div><\/div><div class=\"col-xxl-3 col-sm-6\"> <div class=\"service-page-card\"><h4 class=\"box-title\">Multiple Object Support:\t<\/h4><p class=\"box-text\">Can track more than one object simultaneously.\n<\/p><\/div><\/div><div class=\"col-xxl-3 col-sm-6\"> <div class=\"service-page-card\"><h4 class=\"box-title\">Real-Time Performance:\t<\/h4><p class=\"box-text\">Offers the ability to make rapid decisions with instant data.\n\n<\/p><\/div><\/div><\/div><\/div>\t\t\t\t<\/div>\n\t\t\t\t<\/div>\n\t\t\t\t<\/div>\n\t\t<div class=\"elementor-element elementor-element-8fcfa84 e-con-full e-flex e-con e-child\" data-id=\"8fcfa84\" data-element_type=\"container\">\n\t\t\t\t<div class=\"elementor-element elementor-element-434398c elementor-widget elementor-widget-roborcontactinfo\" data-id=\"434398c\" data-element_type=\"widget\" data-widget_type=\"roborcontactinfo.default\">\n\t\t\t\t<div class=\"elementor-widget-container\">\n\t\t\t\t\t<div class=\"widget widget-contact-wrap  \"><h3 class=\"widget_title\">Contact Information<\/h3><div class=\"info-box\"><div class=\"info-box_icon\"><i class=\"fas fa-phone\"><\/i><\/div><div class=\"box-content\"><p class=\"info-box_title\">Phone<\/p><p class=\"info-box_text desc\"><a href=\"tel:+902162220734\" class=\"info-box_link\">+90 216 222 0734<\/a><\/p><\/div><\/div><div class=\"info-box\"><div class=\"info-box_icon\"><i class=\"fas fa-envelope\"><\/i><\/div><div class=\"box-content\"><p class=\"info-box_title\">Mail<\/p><p class=\"info-box_text desc\"><a href=\"mailto:info@creoslabs.com\" class=\"info-box_link\">info@creoslabs.com<\/a><\/p><\/div><\/div><div class=\"info-box\"><div class=\"info-box_icon\"><i class=\"fas fa-map-marker-alt\"><\/i><\/div><div class=\"box-content\"><p class=\"info-box_title\">Address<\/p><p class=\"info-box_text desc\"><a href=\"https:\/\/maps.app.goo.gl\/KUkzyc4e1qYs53qRA\/\" class=\"info-box_link\">Yeni\u015fehir Mah. Osman\u0131 Blv. Aeropark A Blok No: 11A \u0130\u00e7 Kap\u0131 No : 28 Pendik \/ \u0130stanbul<\/a><\/p><\/div><\/div><\/div>\t\t\t\t<\/div>\n\t\t\t\t<\/div>\n\t\t\t\t<\/div>\n\t\t\t\t\t<\/div>\n\t\t\t\t<\/div>\n\t\t\t\t<\/div>\n\t\t","protected":false},"excerpt":{"rendered":"<p>Object Tracking Pipeline The Object Tracking Pipeline enables the real-time tracking of moving objects using artificial intelligence and deep learning-based algorithms. This system can adapt different tracking algorithms to various scenarios. The object detection pipeline allows for the creation of high-quality training data for AI models using 3D assets and synthetic data. Omniverse Replicator offers&#8230;<\/p>\n","protected":false},"author":1,"featured_media":0,"parent":0,"menu_order":0,"comment_status":"closed","ping_status":"closed","template":"","meta":{"footnotes":""},"class_list":["post-2207","page","type-page","status-publish","hentry"],"_links":{"self":[{"href":"https:\/\/creoslabs.com\/en\/wp-json\/wp\/v2\/pages\/2207","targetHints":{"allow":["GET"]}}],"collection":[{"href":"https:\/\/creoslabs.com\/en\/wp-json\/wp\/v2\/pages"}],"about":[{"href":"https:\/\/creoslabs.com\/en\/wp-json\/wp\/v2\/types\/page"}],"author":[{"embeddable":true,"href":"https:\/\/creoslabs.com\/en\/wp-json\/wp\/v2\/users\/1"}],"replies":[{"embeddable":true,"href":"https:\/\/creoslabs.com\/en\/wp-json\/wp\/v2\/comments?post=2207"}],"version-history":[{"count":16,"href":"https:\/\/creoslabs.com\/en\/wp-json\/wp\/v2\/pages\/2207\/revisions"}],"predecessor-version":[{"id":2407,"href":"https:\/\/creoslabs.com\/en\/wp-json\/wp\/v2\/pages\/2207\/revisions\/2407"}],"wp:attachment":[{"href":"https:\/\/creoslabs.com\/en\/wp-json\/wp\/v2\/media?parent=2207"}],"curies":[{"name":"wp","href":"https:\/\/api.w.org\/{rel}","templated":true}]}}