{"id":2248,"date":"2025-09-28T23:46:07","date_gmt":"2025-09-28T20:46:07","guid":{"rendered":"https:\/\/creoslabs.com\/en\/?page_id=2248"},"modified":"2025-09-30T00:06:22","modified_gmt":"2025-09-29T21:06:22","slug":"face-detection-and-recognition","status":"publish","type":"page","link":"https:\/\/creoslabs.com\/en\/face-detection-and-recognition\/","title":{"rendered":"Face Detection and Recognition"},"content":{"rendered":"\t\t<div data-elementor-type=\"wp-page\" data-elementor-id=\"2248\" class=\"elementor elementor-2248\">\n\t\t\t\t\r\n<div class=\"elementor-element elementor-element-af7c82f e-flex e-con-boxed e-con e-parent\" data-id=\"af7c82f\" data-element_type=\"container\">\n\t\t\t\t\t<div class=\"e-con-inner\">\n\t\t<div class=\"elementor-element elementor-element-f864c2c e-con-full e-flex e-con e-child\" data-id=\"f864c2c\" data-element_type=\"container\">\n\t\t\r\n\t\t<div class=\"elementor-element elementor-element-0da2e6b elementor-widget elementor-widget-roborimage\" data-id=\"0da2e6b\" data-element_type=\"widget\" data-widget_type=\"roborimage.default\">\n\t\t\t\t<div class=\"elementor-widget-container\">\n\t\t\t\t\t<div class=\"page-img gsap-parallax\"><img decoding=\"async\" data-src=\"https:\/\/creoslabs.com\/en\/wp-content\/uploads\/sites\/3\/2025\/09\/1_3ilFublg5LQpyvwB51fupQ.jpg\" alt=\"1_3ilFublg5LQpyvwB51fupQ\" src=\"data:image\/svg+xml;base64,PHN2ZyB3aWR0aD0iMSIgaGVpZ2h0PSIxIiB4bWxucz0iaHR0cDovL3d3dy53My5vcmcvMjAwMC9zdmciPjwvc3ZnPg==\" class=\"lazyload\" style=\"--smush-placeholder-width: 1024px; --smush-placeholder-aspect-ratio: 1024\/1024;\" \/><\/div>\t\t\t\t<\/div>\n\t\t\t\t<\/div>\n\t\t\t\t<div class=\"elementor-element elementor-element-65d8a92 elementor-widget elementor-widget-heading\" data-id=\"65d8a92\" data-element_type=\"widget\" data-widget_type=\"heading.default\">\n\t\t\t\t\t<h3 class=\"elementor-heading-title elementor-size-default\">Face Detection and Recognition\n<\/h3>\t\t\t\t<\/div>\n\t\t\t\t<div class=\"elementor-element elementor-element-42ed385 elementor-widget elementor-widget-heading\" data-id=\"42ed385\" data-element_type=\"widget\" data-widget_type=\"heading.default\">\n\t\t\t\t\t<p class=\"elementor-heading-title elementor-size-default\">Face detection and recognition technologies allow identifying and verifying the identity of individuals using artificial intelligence and deep learning models. These systems extract numerical representation values called 'embeddings' from face images and store this information in vector databases. This allows for fast and reliable matching without the need to store actual face images. Optimization tools like TensorRT increase inference speed, providing real-time recognition in large data pools.\n\n<\/p>\t\t\t\t<\/div>\n\t\t\t\t<div class=\"elementor-element elementor-element-1e6cae7 elementor-widget elementor-widget-heading\" data-id=\"1e6cae7\" data-element_type=\"widget\" data-widget_type=\"heading.default\">\n\t\t\t\t\t<p class=\"elementor-heading-title elementor-size-default\">This technology has a wide range of applications, from security systems and user verification to access control and improving customer experience. It offers a high accuracy rate whether or not a mask is worn.\n\n<\/p>\t\t\t\t<\/div>\n\t\t\t\t<div class=\"elementor-element elementor-element-24449af elementor-widget elementor-widget-heading\" data-id=\"24449af\" data-element_type=\"widget\" data-widget_type=\"heading.default\">\n\t\t\t\t\t<h4 class=\"elementor-heading-title elementor-size-default\">Key Features of Face Recognition Systems\n<\/h4>\t\t\t\t<\/div>\n\t\t<div class=\"elementor-element elementor-element-93d5935 e-con-full e-flex e-con e-child\" data-id=\"93d5935\" data-element_type=\"container\">\n\t\t\t\t<div class=\"elementor-element elementor-element-4e5dabf elementor-widget elementor-widget-icon-box\" data-id=\"4e5dabf\" data-element_type=\"widget\" data-widget_type=\"icon-box.default\">\n\t\t\t\t\t\t\t<div class=\"elementor-icon-box-wrapper\">\n\n\t\t\t\n\t\t\t\t\t\t<div class=\"elementor-icon-box-content\">\n\n\t\t\t\t\t\t\t\t\t<h6 class=\"elementor-icon-box-title\">\n\t\t\t\t\t\t<span  >\n\t\t\t\t\t\t\tData-Driven: \t\t\t\t\t\t<\/span>\n\t\t\t\t\t<\/h6>\n\t\t\t\t\n\t\t\t\t\t\t\t\t\t<p class=\"elementor-icon-box-description\">\n\t\t\t\t\t\tFace recognition algorithms perform accurate and fast identity verification by learning from large datasets.\n\t\t\t\t\t<\/p>\n\t\t\t\t\n\t\t\t<\/div>\n\t\t\t\n\t\t<\/div>\n\t\t\t\t\t\t<\/div>\n\t\t\t\t<div class=\"elementor-element elementor-element-1abd7d8 elementor-widget elementor-widget-icon-box\" data-id=\"1abd7d8\" data-element_type=\"widget\" data-widget_type=\"icon-box.default\">\n\t\t\t\t\t\t\t<div class=\"elementor-icon-box-wrapper\">\n\n\t\t\t\n\t\t\t\t\t\t<div class=\"elementor-icon-box-content\">\n\n\t\t\t\t\t\t\t\t\t<h6 class=\"elementor-icon-box-title\">\n\t\t\t\t\t\t<span  >\n\t\t\t\t\t\t\tSelf-Improving Models: \t\t\t\t\t\t<\/span>\n\t\t\t\t\t<\/h6>\n\t\t\t\t\n\t\t\t\t\t\t\t\t\t<p class=\"elementor-icon-box-description\">\n\t\t\t\t\t\tThey increase accuracy and speed by processing more data over time, adapting to different lighting, angles, and facial expressions.\n\t\t\t\t\t<\/p>\n\t\t\t\t\n\t\t\t<\/div>\n\t\t\t\n\t\t<\/div>\n\t\t\t\t\t\t<\/div>\n\t\t\t\t<div class=\"elementor-element elementor-element-cfc8c33 elementor-widget elementor-widget-icon-box\" data-id=\"cfc8c33\" data-element_type=\"widget\" data-widget_type=\"icon-box.default\">\n\t\t\t\t\t\t\t<div class=\"elementor-icon-box-wrapper\">\n\n\t\t\t\n\t\t\t\t\t\t<div class=\"elementor-icon-box-content\">\n\n\t\t\t\t\t\t\t\t\t<h6 class=\"elementor-icon-box-title\">\n\t\t\t\t\t\t<span  >\n\t\t\t\t\t\t\tAutomation: \t\t\t\t\t\t<\/span>\n\t\t\t\t\t<\/h6>\n\t\t\t\t\n\t\t\t\t\t\t\t\t\t<p class=\"elementor-icon-box-description\">\n\t\t\t\t\t\tMinimizes human intervention by automating access control and identity verification processes.\n\t\t\t\t\t<\/p>\n\t\t\t\t\n\t\t\t<\/div>\n\t\t\t\n\t\t<\/div>\n\t\t\t\t\t\t<\/div>\n\t\t\t\t<\/div>\n\t\t<div class=\"elementor-element elementor-element-b8a2d4d e-con-full e-flex e-con e-child\" data-id=\"b8a2d4d\" data-element_type=\"container\">\n\t\t\t\t<div class=\"elementor-element elementor-element-3251d48 elementor-widget elementor-widget-image\" data-id=\"3251d48\" data-element_type=\"widget\" data-widget_type=\"image.default\">\n\t\t\t\t\t\t\t\t\t\t\t\t\t\t\t<img fetchpriority=\"high\" decoding=\"async\" width=\"720\" height=\"450\" src=\"https:\/\/creoslabs.com\/en\/wp-content\/uploads\/sites\/3\/2025\/09\/1655923786906-720x450.jpg\" class=\"attachment-robor_720X450 size-robor_720X450 wp-image-2253\" alt=\"\" \/>\t\t\t\t\t\t\t\t\t\t\t\t\t\t\t<\/div>\n\t\t\t\t<div class=\"elementor-element elementor-element-c6dcce9 elementor-widget elementor-widget-image\" data-id=\"c6dcce9\" data-element_type=\"widget\" data-widget_type=\"image.default\">\n\t\t\t\t\t\t\t\t\t\t\t\t\t\t\t<img decoding=\"async\" width=\"686\" height=\"386\" data-src=\"https:\/\/creoslabs.com\/en\/wp-content\/uploads\/sites\/3\/2025\/09\/hq720.jpg\" class=\"attachment-robor_720X450 size-robor_720X450 wp-image-2254 lazyload\" alt=\"\" data-srcset=\"https:\/\/creoslabs.com\/en\/wp-content\/uploads\/sites\/3\/2025\/09\/hq720.jpg 686w, https:\/\/creoslabs.com\/en\/wp-content\/uploads\/sites\/3\/2025\/09\/hq720-300x169.jpg 300w, https:\/\/creoslabs.com\/en\/wp-content\/uploads\/sites\/3\/2025\/09\/hq720-600x338.jpg 600w\" data-sizes=\"(max-width: 686px) 100vw, 686px\" src=\"data:image\/svg+xml;base64,PHN2ZyB3aWR0aD0iMSIgaGVpZ2h0PSIxIiB4bWxucz0iaHR0cDovL3d3dy53My5vcmcvMjAwMC9zdmciPjwvc3ZnPg==\" style=\"--smush-placeholder-width: 686px; --smush-placeholder-aspect-ratio: 686\/386;\" \/>\t\t\t\t\t\t\t\t\t\t\t\t\t\t\t<\/div>\n\t\t\t\t<\/div>\n\t\t\t\t<div class=\"elementor-element elementor-element-2a6013b elementor-widget elementor-widget-heading\" data-id=\"2a6013b\" data-element_type=\"widget\" data-widget_type=\"heading.default\">\n\t\t\t\t\t<h4 class=\"elementor-heading-title elementor-size-default\">Benefits of Face Recognition Technology\n<\/h4>\t\t\t\t<\/div>\n\t\t\t\t<div class=\"elementor-element elementor-element-74ee0d3 elementor-widget elementor-widget-roborfeatures\" data-id=\"74ee0d3\" data-element_type=\"widget\" data-widget_type=\"roborfeatures.default\">\n\t\t\t\t<div class=\"elementor-widget-container\">\n\t\t\t\t\t <div class=\"service-page-card-wrap\"><div class=\"row gy-4\"><div class=\"col-xxl-3 col-sm-6\"> <div class=\"service-page-card\"><h4 class=\"box-title\">High Accuracy:<\/h4><p class=\"box-text\">\tAccurate and reliable face matching is performed with advanced algorithms.\n<\/p><\/div><\/div><div class=\"col-xxl-3 col-sm-6\"> <div class=\"service-page-card\"><h4 class=\"box-title\">Efficiency and Automation:\t<\/h4><p class=\"box-text\">Saves time by eliminating manual verification processes.\n<\/p><\/div><\/div><div class=\"col-xxl-3 col-sm-6\"> <div class=\"service-page-card\"><h4 class=\"box-title\">Scalable Solutions:\t<\/h4><p class=\"box-text\">Applicable from small systems to databases with millions of registered users.\n<\/p><\/div><\/div><div class=\"col-xxl-3 col-sm-6\"> <div class=\"service-page-card\"><h4 class=\"box-title\">Cost Reduction:\t<\/h4><p class=\"box-text\">Reduces labor costs in physical security and verification processes.\n\n<\/p><\/div><\/div><\/div><\/div>\t\t\t\t<\/div>\n\t\t\t\t<\/div>\n\t\t\t\t<\/div>\n\t\t<div class=\"elementor-element elementor-element-413e503 e-con-full e-flex e-con e-child\" data-id=\"413e503\" data-element_type=\"container\">\n\t\t\t\t<div class=\"elementor-element elementor-element-ee72a88 elementor-widget elementor-widget-roborcontactinfo\" data-id=\"ee72a88\" data-element_type=\"widget\" data-widget_type=\"roborcontactinfo.default\">\n\t\t\t\t<div class=\"elementor-widget-container\">\n\t\t\t\t\t<div class=\"widget widget-contact-wrap  \"><h3 class=\"widget_title\">Contact Information<\/h3><div class=\"info-box\"><div class=\"info-box_icon\"><i class=\"fas fa-phone\"><\/i><\/div><div class=\"box-content\"><p class=\"info-box_title\">Phone<\/p><p class=\"info-box_text desc\"><a href=\"tel:+902162220734\" class=\"info-box_link\">+90 216 222 0734<\/a><\/p><\/div><\/div><div class=\"info-box\"><div class=\"info-box_icon\"><i class=\"fas fa-envelope\"><\/i><\/div><div class=\"box-content\"><p class=\"info-box_title\">Mail<\/p><p class=\"info-box_text desc\"><a href=\"mailto:info@creoslabs.com\" class=\"info-box_link\">info@creoslabs.com<\/a><\/p><\/div><\/div><div class=\"info-box\"><div class=\"info-box_icon\"><i class=\"fas fa-map-marker-alt\"><\/i><\/div><div class=\"box-content\"><p class=\"info-box_title\">Address<\/p><p class=\"info-box_text desc\"><a href=\"https:\/\/maps.app.goo.gl\/KUkzyc4e1qYs53qRA\/\" class=\"info-box_link\">Yeni\u015fehir Mah. Osman\u0131 Blv. Aeropark A Blok No: 11A \u0130\u00e7 Kap\u0131 No : 28 Pendik \/ \u0130stanbul<\/a><\/p><\/div><\/div><\/div>\t\t\t\t<\/div>\n\t\t\t\t<\/div>\n\t\t\t\t<\/div>\n\t\t\t\t\t<\/div>\n\t\t\t\t<\/div>\n\t\t\t\t<\/div>\n\t\t","protected":false},"excerpt":{"rendered":"<p>Face Detection and Recognition Face detection and recognition technologies allow identifying and verifying the identity of individuals using artificial intelligence and deep learning models. These systems extract numerical representation values called &#8217;embeddings&#8217; from face images and store this information in vector databases. This allows for fast and reliable matching without the need to store actual&#8230;<\/p>\n","protected":false},"author":1,"featured_media":0,"parent":0,"menu_order":0,"comment_status":"closed","ping_status":"closed","template":"","meta":{"footnotes":""},"class_list":["post-2248","page","type-page","status-publish","hentry"],"_links":{"self":[{"href":"https:\/\/creoslabs.com\/en\/wp-json\/wp\/v2\/pages\/2248","targetHints":{"allow":["GET"]}}],"collection":[{"href":"https:\/\/creoslabs.com\/en\/wp-json\/wp\/v2\/pages"}],"about":[{"href":"https:\/\/creoslabs.com\/en\/wp-json\/wp\/v2\/types\/page"}],"author":[{"embeddable":true,"href":"https:\/\/creoslabs.com\/en\/wp-json\/wp\/v2\/users\/1"}],"replies":[{"embeddable":true,"href":"https:\/\/creoslabs.com\/en\/wp-json\/wp\/v2\/comments?post=2248"}],"version-history":[{"count":10,"href":"https:\/\/creoslabs.com\/en\/wp-json\/wp\/v2\/pages\/2248\/revisions"}],"predecessor-version":[{"id":2383,"href":"https:\/\/creoslabs.com\/en\/wp-json\/wp\/v2\/pages\/2248\/revisions\/2383"}],"wp:attachment":[{"href":"https:\/\/creoslabs.com\/en\/wp-json\/wp\/v2\/media?parent=2248"}],"curies":[{"name":"wp","href":"https:\/\/api.w.org\/{rel}","templated":true}]}}